{"id":170,"date":"2010-12-01T22:00:24","date_gmt":"2010-12-01T22:00:24","guid":{"rendered":"http:\/\/www.slliljegren.se\/?page_id=170"},"modified":"2021-11-03T13:40:21","modified_gmt":"2021-11-03T13:40:21","slug":"styrelsearbete","status":"publish","type":"page","link":"https:\/\/www.slliljegren.se\/?page_id=170","title":{"rendered":"Suzannes nuvarande och tidigare uppdrag"},"content":{"rendered":"<p>Suzanne har sedan mitten av 1990-talet varit verksam i n\u00e4mnder\/styrelser och styrgrupper. Hon har g\u00e5tt utbildningarna R\u00e4tt Fokus samt H\u00f6gre styrelseutbildning och \u00e4r certifierad av StyrelseAkademien. Sedan oktober 2021 \u00e4r hon kommunalr\u00e5d (L) i Liding\u00f6 stad, ordf\u00f6rande i utbildningsn\u00e4mnden och ledamot av kommunstyrelsen.<\/p>\n<p>Suzanne forskar om styrelser vid Handelsh\u00f6gskolan i Stockholm. V\u00e5ren 2021 publicerades rapporten <a href=\"https:\/\/www.slliljegren.se\/wp-content\/uploads\/2021\/09\/Styrelseordforandes-roll-och-funktion-for-strategisk-fornyelse-och-innovation-Holmberg-Liljegren-Solvell-2021.pdf\">&#8221;Styrelseordf\u00f6randes roll och funktion f\u00f6r strategisk f\u00f6rnyelse och innovation&#8221;<\/a> av en forskargrupp, d\u00e4r Suzanne ingick, under professor Inga-Lill Holmbergs ledning.<\/p>\n<p><a href=\"https:\/\/www.slliljegren.se\/wp-content\/uploads\/2010\/12\/styrelseakademien-376x1362.jpg\"><img loading=\"lazy\" decoding=\"async\" class=\"alignright size-full wp-image-1021\" src=\"https:\/\/www.slliljegren.se\/wp-content\/uploads\/2010\/12\/styrelseakademien-376x1362.jpg\" alt=\"\" width=\"150\" height=\"54\" \/><\/a>Suzanne \u00e4r t f ordf\u00f6rande och sekreterare i internationella kommitt\u00e9n i \u00a0<a href=\"http:\/\/www.styrelseakademien.se\/web\/page.aspx?refid=59\" target=\"_blank\" rel=\"noopener\">StyrelseAkademien Sverige<\/a>\u00a0och certifierad l\u00e4rare i utbildningen R\u00e4tt Fokus kommunal. Hon har tidigare varit m\u00e5ng\u00e5rig ledamot i SA Sveriges styrelse, ledamot i forskningsutskottet och ledamot i IT-utskottet. H\u00f6r hennes syn p\u00e5 ett v\u00e4rdeskapande styrelsearbete <a href=\"https:\/\/www.youtube.com\/watch?v=zA_r1ZVeNTc\" target=\"_blank\" rel=\"noopener\">h\u00e4r<\/a>.<\/p>\n<p><a href=\"https:\/\/www.slliljegren.se\/wp-content\/uploads\/2010\/12\/ecoDa_Fullcolor-Logo.jpg\"><img loading=\"lazy\" decoding=\"async\" class=\"alignright size-full wp-image-983\" src=\"https:\/\/www.slliljegren.se\/wp-content\/uploads\/2010\/12\/ecoDa_Fullcolor-Logo-e1445415227994.jpg\" alt=\"\" width=\"100\" height=\"58\" \/><\/a>Suzanne \u00e4r ocks\u00e5 Communication Adviser i styrelsen f\u00f6r europeiska styrelseinstitutens paraplyorganisation, European Confederation of Directors&#8217; Association,\u00a0<a href=\"http:\/\/ecoda.org\/index.php?id=25\" target=\"_blank\" rel=\"noopener\">ecoDa<\/a>. Mellan 2012 och 2017 var hon ordf\u00f6rande i ecoDa&#8217;s kommunikationskommitt\u00e9. Moderator vid ecoDa&#8217;s konferenser och webbinarier ing\u00e5r ocks\u00e5 i hennes uppdrag, t ex om hur <a href=\"https:\/\/www.youtube.com\/watch?v=P0XYwAcDw4s&amp;feature=youtu.be\" target=\"_blank\" rel=\"noopener\">styrelseledam\u00f6ter kan hantera risk<\/a>.<\/p>\n<p><a href=\"http:\/\/www.lidingohem.se\" target=\"_blank\" rel=\"noopener\"><img loading=\"lazy\" decoding=\"async\" class=\"size-full wp-image-990 alignleft\" src=\"https:\/\/www.slliljegren.se\/wp-content\/uploads\/2010\/12\/Unknown.jpeg\" alt=\"\" width=\"140\" height=\"56\" \/><\/a>Mellan 2007 och 2015 var Suzanne vice ordf\u00f6rande i fastighetsbolaget\u00a0<a href=\"http:\/\/www.lidingohem.se\/\" target=\"_blank\" rel=\"noopener\">Liding\u00f6hem<\/a> och\u00a0var\u00a0ledamot i Liding\u00f6 milj\u00f6- och stadsbyggnadsn\u00e4mnd \u00e5ren 2015 &#8211; 2018. Hon var ledamot av omsorgs- och socialn\u00e4mnden samt ordf\u00f6rande i socialutskottet mellan 2019 och oktober 2021.<\/p>\n<div>\n<p><a href=\"http:\/\/globalboardreadywomen.com\" target=\"_blank\" rel=\"noopener\"><img loading=\"lazy\" decoding=\"async\" class=\"alignleft size-full wp-image-992\" src=\"https:\/\/www.slliljegren.se\/wp-content\/uploads\/2010\/12\/GBRW.jpg\" alt=\"\" width=\"80\" height=\"80\" \/><\/a>Suzanne \u00e4r medlem i\u00a0<a href=\"http:\/\/globalboardreadywomen.com\" target=\"_blank\" rel=\"noopener\">Global Board Ready Women<\/a> och listad som l\u00e4mplig f\u00f6r uppdrag i europeiska och internationella f\u00f6retagsstyrelser.<\/p>\n<\/div>\n<p><a href=\"http:\/\/www.lidingo.se\/\"><img loading=\"lazy\" decoding=\"async\" class=\"size-full wp-image-351 alignright\" src=\"https:\/\/www.slliljegren.se\/wp-content\/uploads\/2010\/12\/Lidingo-stad.jpg\" alt=\"\" width=\"212\" height=\"56\" \/><\/a>I Liding\u00f6 stad \u00e4r Suzanne kommunalr\u00e5d (L), ledamot av kommunfullm\u00e4ktige, ordf\u00f6rande i utbildningsn\u00e4mnden och ledamot av kommunstyrelsen. Mellan 1995 och 2006 var hon ledamot och ers\u00e4ttare i Liding\u00f6 stads barnomsorgsn\u00e4mnd, skol- och f\u00f6rskolen\u00e4mnd samt utbildningsn\u00e4mnd. 2004 till 2006 var hon ocks\u00e5 ers\u00e4ttare i Liding\u00f6 kommunfullm\u00e4ktige.<\/p>\n<p><a href=\"https:\/\/www.slliljegren.se\/wp-content\/uploads\/2010\/12\/cbi.jpg\"><img loading=\"lazy\" decoding=\"async\" class=\"alignright size-full wp-image-988\" src=\"https:\/\/www.slliljegren.se\/wp-content\/uploads\/2010\/12\/cbi.jpg\" alt=\"\" width=\"125\" height=\"44\" \/><\/a>Suzanne har varit ledamot i styrelsen f\u00f6r\u00a0fastighetsbolaget CBI, ett privat, nyt\u00e4nkande fastighetsutvecklingsbolag med fokus p\u00e5 h\u00e5llbarhet.<\/p>\n<p><a href=\"http:\/\/www.eurocities.eu\"><img loading=\"lazy\" decoding=\"async\" class=\"size-full wp-image-218 alignleft\" src=\"https:\/\/www.slliljegren.se\/wp-content\/uploads\/2010\/12\/urban-challenges-001.jpg\" alt=\"\" width=\"224\" height=\"63\" \/><\/a><\/p>\n<p>Mellan 2001 och 2009 var Suzanne ledamot och ordf\u00f6rande i styrgrupper f\u00f6r stora projekt och utskott med europeisk inriktning, bl a ordf\u00f6rande i styrgruppen f\u00f6r Eurocities konferens och \u00e5rsm\u00f6te 2009.<\/p>\n<div class=\"img alignright size-full wp-image-220\" style=\"width:107px;\">\n\t<a href=\"https:\/\/www.slliljegren.se\/wp-content\/uploads\/2010\/12\/Suzanne-Liljegren-bilaga-ecitizenship-for-all-2003.pdf\"><img loading=\"lazy\" decoding=\"async\" src=\"https:\/\/www.slliljegren.se\/wp-content\/uploads\/2010\/12\/deloitte-e-citizenship-001.jpg\" alt=\"\" width=\"107\" height=\"147\" \/><\/a>\n\t<div>eCitizenship for All<\/div>\n<\/div>\n<p>Som ledamot av Eurocities kommitt\u00e9 f\u00f6r digitaliseringsfr\u00e5gor ansvarade hon f\u00f6r utvecklingen av principerna f\u00f6r samarbetet med f\u00f6retagspartners. Principerna blev v\u00e4gledande f\u00f6r Eurocities samtliga samarbeten med f\u00f6retagspartners. Suzanne ansvarade ocks\u00e5 f\u00f6r f\u00f6rhandlingarna kring kommitt\u00e9ns och f\u00f6retaget Deloittes Europeiska digitaliseringsrapport och utm\u00e4rkelse <a href=\"https:\/\/www.slliljegren.se\/wp-content\/uploads\/2010\/12\/Suzanne-Liljegren-bilaga-ecitizenship-for-all-2003.pdf\" target=\"_blank\" rel=\"noopener\">\u201deCitizenship for All\u201d<\/a>.<\/p>\n<p>Fr\u00e5n 2004 till 2009 var hon chefstj\u00e4nsteman f\u00f6r Stockholms stads r\u00e4kning i tre internationella styrelser f\u00f6r lokala och regionala akt\u00f6rer:<\/p>\n<p><a href=\"http:\/\/www.eurocities.eu\" target=\"_blank\" rel=\"noopener\">Eurocities<\/a>, f\u00f6r de st\u00f6rsta st\u00e4derna i Europa<\/p>\n<p><a href=\"https:\/\/www.slliljegren.se\/wp-content\/uploads\/2010\/12\/Metropolislogga.jpg\"><img loading=\"lazy\" decoding=\"async\" class=\"alignleft size-full wp-image-214\" src=\"https:\/\/www.slliljegren.se\/wp-content\/uploads\/2010\/12\/Metropolislogga.jpg\" alt=\"\" width=\"96\" height=\"24\" \/><\/a><a href=\"http:\/\/www.metropolis.org\" target=\"_blank\" rel=\"noopener\">Metropolis<\/a>, f\u00f6r de st\u00f6rsta st\u00e4derna i v\u00e4rlden<\/p>\n<p><a href=\"http:\/\/www.uclg.org\/\" target=\"_blank\" rel=\"noopener\">United Cities and Local Governments<\/a>, f\u00f6r st\u00e4der och regioners samarbete med FN.<\/p>\n<div class=\"img alignright size-full wp-image-284\" style=\"width:269px;\">\n\t<img loading=\"lazy\" decoding=\"async\" src=\"https:\/\/www.slliljegren.se\/wp-content\/uploads\/2010\/12\/faxmile-av-risk-assessment-komprimerad.jpg\" alt=\"\" width=\"269\" height=\"149\" \/>\n\t<div>Riskhantering blev ett styrelseverktyg n\u00e4r Stockholm var kass\u00f6r<\/div>\n<\/div>Som Treasurer i Eurocities styrelse introducerade Suzanne ett nytt styrelseverktyg, Risk Assessment. Riskhanteringsinstrumentet gav styrelsen m\u00f6jlighet att systematiskt och regelbundet analysera organisationens ekonomiska \u00a0risker.\u00a0Med hj\u00e4lp av Risk Assessment kunde organisationens fler\u00e5riga underskott v\u00e4ndas till vinst. Stockholm fick d\u00e4rmed en stark st\u00e4llning i styrelsen och i organisationen.<\/p>\n<div class=\"img size-full wp-image-353 alignleft\" style=\"width:140px;\">\n\t<a href=\"http:\/\/www.ifl.se\/\"><img loading=\"lazy\" decoding=\"async\" src=\"https:\/\/www.slliljegren.se\/wp-content\/uploads\/2010\/12\/Handelshogskolan.jpg\" alt=\"\" width=\"140\" height=\"120\" \/><\/a>\n\t<div>Handelsh\u00f6gskolans Executive Research Program<\/div>\n<\/div>Erfarenheterna fr\u00e5n \u00e5ren i de internationella styrelserna anv\u00e4nder Suzanne idag i sin forskning kring internationellt styrelsearbete. I forskningen intresserar hon sig f\u00f6r fr\u00e5gor om makt, inflytande och beslutsfattande i styrelser d\u00e4r ledam\u00f6terna \u00e4r fr\u00e5n olika kulturella, geografiska och spr\u00e5kliga bakgrunder.<\/p>\n<p>Forskningen sker inom ramen f\u00f6r Handelsh\u00f6gskolans i Stockholms Executive Research Program . L\u00e4s om hennes forskning i Mercury Magazine &#8221;<a href=\"https:\/\/www.slliljegren.se\/wp-content\/uploads\/2010\/12\/MM3-P56-59.pdf\" target=\"_blank\" rel=\"noopener\">Bridge Makers Influence Multicultural Boards of Directors<\/a>&#8221;\u00a0och i franska ESSEC Business Schools f\u00f6rsta utg\u00e5va om ledarskap och m\u00e5ngfald &#8221;<a href=\"https:\/\/www.slliljegren.se\/wp-content\/uploads\/2010\/12\/447712121-Br_Bridging_Academia_1213_WEB_ESSEC.pdf\">Bridge Makers on International Multicultural Board of Directors<\/a>&#8221;.<\/p>\n","protected":false},"excerpt":{"rendered":"<p>Suzanne har sedan mitten av 1990-talet varit verksam i n\u00e4mnder\/styrelser och styrgrupper. Hon har g\u00e5tt utbildningarna R\u00e4tt Fokus samt H\u00f6gre styrelseutbildning och \u00e4r certifierad av StyrelseAkademien. Sedan oktober 2021 \u00e4r hon kommunalr\u00e5d (L) i Liding\u00f6 stad, ordf\u00f6rande i utbildningsn\u00e4mnden och &hellip; <a href=\"https:\/\/www.slliljegren.se\/?page_id=170\">Forts\u00e4tt l\u00e4sa <span class=\"meta-nav\">&rarr;<\/span><\/a><\/p>\n","protected":false},"author":1,"featured_media":0,"parent":0,"menu_order":0,"comment_status":"closed","ping_status":"open","template":"","meta":{"footnotes":""},"class_list":["post-170","page","type-page","status-publish","hentry"],"_links":{"self":[{"href":"https:\/\/www.slliljegren.se\/index.php?rest_route=\/wp\/v2\/pages\/170","targetHints":{"allow":["GET"]}}],"collection":[{"href":"https:\/\/www.slliljegren.se\/index.php?rest_route=\/wp\/v2\/pages"}],"about":[{"href":"https:\/\/www.slliljegren.se\/index.php?rest_route=\/wp\/v2\/types\/page"}],"author":[{"embeddable":true,"href":"https:\/\/www.slliljegren.se\/index.php?rest_route=\/wp\/v2\/users\/1"}],"replies":[{"embeddable":true,"href":"https:\/\/www.slliljegren.se\/index.php?rest_route=%2Fwp%2Fv2%2Fcomments&post=170"}],"version-history":[{"count":67,"href":"https:\/\/www.slliljegren.se\/index.php?rest_route=\/wp\/v2\/pages\/170\/revisions"}],"predecessor-version":[{"id":2245,"href":"https:\/\/www.slliljegren.se\/index.php?rest_route=\/wp\/v2\/pages\/170\/revisions\/2245"}],"wp:attachment":[{"href":"https:\/\/www.slliljegren.se\/index.php?rest_route=%2Fwp%2Fv2%2Fmedia&parent=170"}],"curies":[{"name":"wp","href":"https:\/\/api.w.org\/{rel}","templated":true}]}}