{"id":225,"date":"2010-12-05T13:49:09","date_gmt":"2010-12-05T13:49:09","guid":{"rendered":"http:\/\/www.slliljegren.se\/?page_id=225"},"modified":"2019-02-16T14:21:01","modified_gmt":"2019-02-16T14:21:01","slug":"styrelsearbete-2","status":"publish","type":"page","link":"https:\/\/www.slliljegren.se\/?page_id=225","title":{"rendered":"Styrelsearbete"},"content":{"rendered":"<p>Lars \u00e4r en av landets mest k\u00e4nda och erfarna idrottsledare med \u00f6ver 30 \u00e5rs styrelseerfarenhet. Nyt\u00e4nkande, opinionsarbete men ocks\u00e5 stora framg\u00e5ngar pr\u00e4glar hans styrelsearbete. \u00a0Professor Jan Lindroth beskriver Lars som en av idrottens fr\u00e4msta ideologer:<\/p>\n<p><em>&#8221;Under den ideologiska aktiveringen fr\u00e5n \u00e5ren kring 1970 framtr\u00e4dde dock n\u00e5gra personer i central st\u00e4llning &#8211; i f\u00f6rsta hand Karl Frithiofson, Lars Liljegren och Bengt Wallin \u2013 som i tal och skrift utf\u00f6rligt diskuterade idrottens samh\u00e4llsroll\u201d<\/em><\/p>\n<p>Riksidrottsstyrelsen, Stockholms idrottsf\u00f6rbund, F\u00e4ktf\u00f6rbundet, Handbollf\u00f6rbundet, Stockholms OS-kampanj, Bos\u00f6ns idrottsinstitut och nu senast Sport Campus Sweden \u00e4r bara n\u00e5gra exempel p\u00e5 styrelser d\u00e4r Lars varit ledamot eller ordf\u00f6rande. L\u00e4s mer <a href=\"https:\/\/www.slliljegren.se\/?page_id=507\" target=\"_self\">h\u00e4r<\/a>.<\/p>\n<p>Suzanne har varit vice ordf\u00f6rande och ledamot i styrelser och n\u00e4mnder i s\u00e5v\u00e4l Sverige som internationellt sedan mitten av 1990-talet. Idag \u00e4r hon styrelseledamot i StyrelseAkademien Sverige, \u00a0ledamot av Liding\u00f6 omsorgs- och socialn\u00e4mnd, ordf\u00f6rande i socialutskottet, ledamot i Liding\u00f6 kommunfullm\u00e4ktige och Communication Adviser i styrelsen i European Confederation of Directors&#8217; Associations.<\/p>\n<p>&#8211; Styrelsearbetet har g\u00e5tt fr\u00e5n att i huvudsak vara kontrollerande till att bli alltmer <a href=\"https:\/\/www.youtube.com\/watch?v=zA_r1ZVeNTc\" target=\"_blank\">fram\u00e5tsyftande<\/a> och strategiskt. Digitaliseringen och den snabba f\u00f6r\u00e4ndringen av v\u00e5r omv\u00e4rld \u00e4r exempel p\u00e5 i vilken milj\u00f6 f\u00f6retagens styrelser m\u00e5ste navigera. Det v\u00e4rdeskapande styrelsearbetet kr\u00e4ver d\u00e4rf\u00f6r extern, bred och omv\u00e4rldsbevakande kompetens, s\u00e4ger Suzanne.<\/p>\n<p>Suzanne \u00e4r certifierad styrelseledamot och utvald till att ing\u00e5 i Financial Times lista Global Board Ready Women. L\u00e4s mera <a href=\"https:\/\/www.slliljegren.se\/?page_id=170\" target=\"_blank\">h\u00e4r<\/a>. I F\u00f6retagarnas <a href=\"https:\/\/www.slliljegren.se\/wp-content\/uploads\/2010\/12\/Styrelseproffsens-10-personliga-tips.pdf\" target=\"_blank\">tidning<\/a> ger hon tio tips i styrelsearbetet.<\/p>\n","protected":false},"excerpt":{"rendered":"<p>Lars \u00e4r en av landets mest k\u00e4nda och erfarna idrottsledare med \u00f6ver 30 \u00e5rs styrelseerfarenhet. Nyt\u00e4nkande, opinionsarbete men ocks\u00e5 stora framg\u00e5ngar pr\u00e4glar hans styrelsearbete. \u00a0Professor Jan Lindroth beskriver Lars som en av idrottens fr\u00e4msta ideologer: &#8221;Under den ideologiska aktiveringen fr\u00e5n &hellip; <a href=\"https:\/\/www.slliljegren.se\/?page_id=225\">Forts\u00e4tt l\u00e4sa <span class=\"meta-nav\">&rarr;<\/span><\/a><\/p>\n","protected":false},"author":1,"featured_media":0,"parent":0,"menu_order":0,"comment_status":"closed","ping_status":"open","template":"","meta":{"footnotes":""},"class_list":["post-225","page","type-page","status-publish","hentry"],"_links":{"self":[{"href":"https:\/\/www.slliljegren.se\/index.php?rest_route=\/wp\/v2\/pages\/225","targetHints":{"allow":["GET"]}}],"collection":[{"href":"https:\/\/www.slliljegren.se\/index.php?rest_route=\/wp\/v2\/pages"}],"about":[{"href":"https:\/\/www.slliljegren.se\/index.php?rest_route=\/wp\/v2\/types\/page"}],"author":[{"embeddable":true,"href":"https:\/\/www.slliljegren.se\/index.php?rest_route=\/wp\/v2\/users\/1"}],"replies":[{"embeddable":true,"href":"https:\/\/www.slliljegren.se\/index.php?rest_route=%2Fwp%2Fv2%2Fcomments&post=225"}],"version-history":[{"count":32,"href":"https:\/\/www.slliljegren.se\/index.php?rest_route=\/wp\/v2\/pages\/225\/revisions"}],"predecessor-version":[{"id":528,"href":"https:\/\/www.slliljegren.se\/index.php?rest_route=\/wp\/v2\/pages\/225\/revisions\/528"}],"wp:attachment":[{"href":"https:\/\/www.slliljegren.se\/index.php?rest_route=%2Fwp%2Fv2%2Fmedia&parent=225"}],"curies":[{"name":"wp","href":"https:\/\/api.w.org\/{rel}","templated":true}]}}