{"id":31,"date":"2010-10-14T15:21:53","date_gmt":"2010-10-14T15:21:53","guid":{"rendered":"http:\/\/www.slliljegren.se\/?page_id=31"},"modified":"2017-04-25T15:07:25","modified_gmt":"2017-04-25T15:07:25","slug":"31-2","status":"publish","type":"page","link":"https:\/\/www.slliljegren.se\/","title":{"rendered":"S L Liljegren \u2013 n\u00e4r Du s\u00f6ker de nya perspektiven"},"content":{"rendered":"<p>Vi har m\u00e5ng\u00e5rig och unik erfarenhet av att leda och f\u00f6r\u00e4ndra verksamheter inom s\u00e5v\u00e4l privat som offentlig och ideell verksamhet, b\u00e5de i Sverige och internationellt. Den erfarenheten kan Du ha nytta av. Du kan f\u00e5 r\u00e5d och praktiskt st\u00f6d om hur Du kan anv\u00e4nda det b\u00e4sta inom varje sektor ocks\u00e5 i andra. V\u00e5ra omfattande n\u00e4tverk kan ge impulser till Dig som vill g\u00e5 \u00f6ver gr\u00e4nserna, f\u00e5 nya perspektiv och lyckas i Ditt f\u00f6r\u00e4ndringsarbete.<\/p>\n<div class=\"img alignright size-thumbnail wp-image-1038\" style=\"width:150px;\">\n\t<a href=\"https:\/\/www.slliljegren.se\/wp-content\/uploads\/2010\/10\/Suzanne-Liljegren-feb-20162.jpg\"><img loading=\"lazy\" decoding=\"async\" src=\"https:\/\/www.slliljegren.se\/wp-content\/uploads\/2010\/10\/Suzanne-Liljegren-feb-20162-150x150.jpg\" alt=\"\" width=\"150\" height=\"150\" \/><\/a>\n\t<div>Suzanne Liljegren<\/div>\n<\/div>Suzanne Liljegrens kompetens \u00e4r inom projektledning och internationellt arbete men ocks\u00e5 av verksamhetsledning\u00a0i b\u00e5de privat och offentlig sektor, bl a som vd f\u00f6r StyrelseAkademien Sverige, marknadskommunikationschef i IT-branschen, internationell direkt\u00f6r i Stockholms stad och som vice ordf\u00f6rande i fastighetsbolaget Liding\u00f6hem.<\/p>\n<p>&#8211;\u00a0\u00a0\u00a0\u00a0\u00a0\u00a0\u00a0\u00a0\u00a0 Min roll kan vara att bidra till att Din organisation positioneras internationellt, att ge r\u00e5d n\u00e4r Du f\u00f6rhandlar internationellt och i ledning och styrning av Dina internationella evenemang och projekt.<\/p>\n<div class=\"img alignleft\" style=\"width:200px;\">\n\t<a href=\"https:\/\/www.slliljegren.se\/?page_id=645\" target=\"_blank\"><img loading=\"lazy\" decoding=\"async\" src=\"https:\/\/www.slliljegren.se\/wp-content\/uploads\/2010\/10\/lars-liljegren-200x200jpg.jpg\" alt=\"\" width=\"200\" height=\"200\" \/><\/a>\n\t<div>Lars Liljegren<\/div>\n<\/div>Lars Liljegren \u00e4r en av Sveriges mest erfarna idrottsledare med \u00f6ver 40 \u00e5r som ledamot och framg\u00e5ngsrik styrelseordf\u00f6rande i Sveriges fr\u00e4msta idrottsorganisationer. Lars har ocks\u00e5 gedigen yrkeserfarenhet fr\u00e5n olika befattningar i regeringskansliet, i byggsektorn och som kommunal f\u00f6rvaltningschef.<\/p>\n<p>&#8211;\u00a0\u00a0\u00a0\u00a0\u00a0\u00a0\u00a0\u00a0\u00a0 Det b\u00e4sta ledarskapet och de b\u00e4sta id\u00e9erna formas i sk\u00e4rningspunkten mellan det privata, offentliga och ideella. En kombination av n\u00e4ringslivets m\u00e5lstyrning och uppf\u00f6ljning, det offentligas \u00f6ppenhet och den ideella sektorns krav p\u00e5 f\u00f6rankring och inlevelse.<\/p>\n<p>Du \u00e4r v\u00e4lkommen att l\u00e4sa mer om hur vi arbetar med verksamhetsledning och styrelsearbete. Du kan ocks\u00e5 se exempel p\u00e5 tj\u00e4nster som vi erbjuder.<\/p>\n<h3>Kontakta oss g\u00e4rna f\u00f6r ett f\u00f6ruts\u00e4ttningsl\u00f6st samtal!<\/h3>\n","protected":false},"excerpt":{"rendered":"<p>Vi har m\u00e5ng\u00e5rig och unik erfarenhet av att leda och f\u00f6r\u00e4ndra verksamheter inom s\u00e5v\u00e4l privat som offentlig och ideell verksamhet, b\u00e5de i Sverige och internationellt. Den erfarenheten kan Du ha nytta av. Du kan f\u00e5 r\u00e5d och praktiskt st\u00f6d om &hellip; <a href=\"https:\/\/www.slliljegren.se\/\">Forts\u00e4tt l\u00e4sa <span class=\"meta-nav\">&rarr;<\/span><\/a><\/p>\n","protected":false},"author":1,"featured_media":0,"parent":0,"menu_order":0,"comment_status":"closed","ping_status":"open","template":"","meta":{"footnotes":""},"class_list":["post-31","page","type-page","status-publish","hentry"],"_links":{"self":[{"href":"https:\/\/www.slliljegren.se\/index.php?rest_route=\/wp\/v2\/pages\/31","targetHints":{"allow":["GET"]}}],"collection":[{"href":"https:\/\/www.slliljegren.se\/index.php?rest_route=\/wp\/v2\/pages"}],"about":[{"href":"https:\/\/www.slliljegren.se\/index.php?rest_route=\/wp\/v2\/types\/page"}],"author":[{"embeddable":true,"href":"https:\/\/www.slliljegren.se\/index.php?rest_route=\/wp\/v2\/users\/1"}],"replies":[{"embeddable":true,"href":"https:\/\/www.slliljegren.se\/index.php?rest_route=%2Fwp%2Fv2%2Fcomments&post=31"}],"version-history":[{"count":39,"href":"https:\/\/www.slliljegren.se\/index.php?rest_route=\/wp\/v2\/pages\/31\/revisions"}],"predecessor-version":[{"id":1104,"href":"https:\/\/www.slliljegren.se\/index.php?rest_route=\/wp\/v2\/pages\/31\/revisions\/1104"}],"wp:attachment":[{"href":"https:\/\/www.slliljegren.se\/index.php?rest_route=%2Fwp%2Fv2%2Fmedia&parent=31"}],"curies":[{"name":"wp","href":"https:\/\/api.w.org\/{rel}","templated":true}]}}