{"id":894,"date":"2013-07-03T15:40:56","date_gmt":"2013-07-03T15:40:56","guid":{"rendered":"http:\/\/www.slliljegren.se\/?page_id=894"},"modified":"2018-03-07T16:40:52","modified_gmt":"2018-03-07T16:40:52","slug":"styrelseuppdrag-i-internationella-och-eu-baserade-organisationer","status":"publish","type":"page","link":"https:\/\/www.slliljegren.se\/?page_id=894","title":{"rendered":"Styrelseuppdrag i internationella och EU-baserade organisationer"},"content":{"rendered":"<p>Mellan 2012 och 2017 var Suzanne ordf\u00f6rande i kommunikationskommitt\u00e9n i European Confederation of Directors Associations, <a href=\"http:\/\/ecoda.org\" target=\"_blank\">ecoDa<\/a>. Sedan dess har kommunikationen f\u00f6rtydligats, en ny hemsida lanserats och mediakontakterna \u00f6kat. Fr\u00e5n 2018 \u00e4r hon styrelsens <a href=\"http:\/\/ecoda.org\/about-ecoda\/organization\/communication-adviser\/\" target=\"_blank\">Communication Adviser<\/a>.\u00a0Som <a href=\"http:\/\/www.styrelseakademien.se\/styrelseakademien-sverige-om-oss\/utskott\/internationella-utskottet\/\" target=\"_blank\">sekreterare i StyrelseAkademiens internationella kommitt\u00e9 <\/a>har Suzanne bidragit till ett framg\u00e5ngsrikt lobbyarbetet gentemot EUs institutioner. L\u00e4s mer <a href=\"http:\/\/www.styrelseakademien.se\/styrelseakademien-sverige-om-oss\/utskott\/internationella-utskottet\/\" target=\"_blank\">h\u00e4r<\/a>.<\/p>\n<p>Mellan 2001 och 2009 var Suzanne ledamot eller ordf\u00f6rande i styrgrupper f\u00f6r st\u00f6rre projekt och utskott med europeisk inriktning. Hon var bl a ordf\u00f6rande i styrgruppen f\u00f6r Eurocities konferens och \u00e5rsm\u00f6te 2009.<\/p>\n<div class=\"img alignright\" style=\"width:107px;\">\n\t<a href=\"https:\/\/www.slliljegren.se\/wp-content\/uploads\/2010\/12\/Suzanne-Liljegren-bilaga-ecitizenship-for-all-2003.pdf\"><img loading=\"lazy\" decoding=\"async\" src=\"https:\/\/www.slliljegren.se\/wp-content\/uploads\/2010\/12\/deloitte-e-citizenship-001.jpg\" alt=\"\" width=\"107\" height=\"147\" \/><\/a>\n\t<div>eCitizenship for All<\/div>\n<\/div>\n<p>Som ledamot av Eurocities kommitt\u00e9 f\u00f6r ICT-fr\u00e5gor ansvarade hon f\u00f6r utvecklingen av principerna f\u00f6r samarbetet med f\u00f6retagspartners. Principerna blev v\u00e4gledande f\u00f6r Eurocities samtliga samarbeten med f\u00f6retagspartners. Suzanne ansvarade ocks\u00e5 f\u00f6r f\u00f6rhandlingarna kring kommitt\u00e9ns och f\u00f6retaget Deloittes Europeiska ICT-rapport och utm\u00e4rkelse\u00a0<a href=\"https:\/\/www.slliljegren.se\/wp-content\/uploads\/2010\/12\/Suzanne-Liljegren-bilaga-ecitizenship-for-all-2003.pdf\" target=\"_blank\">\u201deCitizenship for All\u201d<\/a>.<\/p>\n<div class=\"img alignleft\" style=\"width:225px;\">\n\t<a href=\"http:\/\/www.cities-localgovernments.org\/\"><img loading=\"lazy\" decoding=\"async\" src=\"https:\/\/www.slliljegren.se\/wp-content\/uploads\/2010\/12\/UCLGlogga.jpg\" alt=\"\" width=\"225\" height=\"100\" \/><\/a>\n\t<div>UCLG, st\u00e4ders och regioners internationella samarbetsorgan, bl a gentemot FN<\/div>\n<\/div>\n<p>Fr\u00e5n 2004 till 2009 var hon chefstj\u00e4nsteman f\u00f6r Stockholms stads r\u00e4kning i tre internationella styrelser f\u00f6r lokala och regionala akt\u00f6rer:\u00a0<a href=\"http:\/\/www.eurocities.eu\" target=\"_blank\">Eurocities<\/a>, f\u00f6r de st\u00f6rsta st\u00e4derna i Europa;\u00a0<a href=\"http:\/\/www.metropolis.org\" target=\"_blank\">Metropolis<\/a>, f\u00f6r de st\u00f6rsta st\u00e4derna i v\u00e4rlden;<a href=\"http:\/\/www.cities-localgovernments.org\/\" target=\"_blank\">United Cities and Local Governments<\/a>, f\u00f6r st\u00e4der och regioners samarbete med FN.<\/p>\n<div class=\"img alignright\" style=\"width:269px;\">\n\t<img loading=\"lazy\" decoding=\"async\" src=\"https:\/\/www.slliljegren.se\/wp-content\/uploads\/2010\/12\/faxmile-av-risk-assessment-komprimerad.jpg\" alt=\"\" width=\"269\" height=\"149\" \/>\n\t<div>Riskhantering blev ett styrelseverktyg n\u00e4r Stockholm var kass\u00f6r<\/div>\n<\/div>Som kass\u00f6r i Eurocities styrelse introducerade Suzanne ett nytt styrelseverktyg, Risk Assessment. Riskhanteringsinstrumentet gav styrelsen m\u00f6jlighet att systematiskt och regelbundet analysera organisationens ekonomiska \u00a0risker.\u00a0Med hj\u00e4lp av Risk Assessment kunde organisationens fler\u00e5riga underskott v\u00e4ndas till vinst. Stockholm fick d\u00e4rmed en stark st\u00e4llning i styrelsen och i organisationen.<\/p>\n","protected":false},"excerpt":{"rendered":"<p>Mellan 2012 och 2017 var Suzanne ordf\u00f6rande i kommunikationskommitt\u00e9n i European Confederation of Directors Associations, ecoDa. Sedan dess har kommunikationen f\u00f6rtydligats, en ny hemsida lanserats och mediakontakterna \u00f6kat. Fr\u00e5n 2018 \u00e4r hon styrelsens Communication Adviser.\u00a0Som sekreterare i StyrelseAkademiens internationella kommitt\u00e9 &hellip; <a href=\"https:\/\/www.slliljegren.se\/?page_id=894\">Forts\u00e4tt l\u00e4sa <span class=\"meta-nav\">&rarr;<\/span><\/a><\/p>\n","protected":false},"author":1,"featured_media":0,"parent":0,"menu_order":0,"comment_status":"closed","ping_status":"open","template":"","meta":{"footnotes":""},"class_list":["post-894","page","type-page","status-publish","hentry"],"_links":{"self":[{"href":"https:\/\/www.slliljegren.se\/index.php?rest_route=\/wp\/v2\/pages\/894","targetHints":{"allow":["GET"]}}],"collection":[{"href":"https:\/\/www.slliljegren.se\/index.php?rest_route=\/wp\/v2\/pages"}],"about":[{"href":"https:\/\/www.slliljegren.se\/index.php?rest_route=\/wp\/v2\/types\/page"}],"author":[{"embeddable":true,"href":"https:\/\/www.slliljegren.se\/index.php?rest_route=\/wp\/v2\/users\/1"}],"replies":[{"embeddable":true,"href":"https:\/\/www.slliljegren.se\/index.php?rest_route=%2Fwp%2Fv2%2Fcomments&post=894"}],"version-history":[{"count":12,"href":"https:\/\/www.slliljegren.se\/index.php?rest_route=\/wp\/v2\/pages\/894\/revisions"}],"predecessor-version":[{"id":1062,"href":"https:\/\/www.slliljegren.se\/index.php?rest_route=\/wp\/v2\/pages\/894\/revisions\/1062"}],"wp:attachment":[{"href":"https:\/\/www.slliljegren.se\/index.php?rest_route=%2Fwp%2Fv2%2Fmedia&parent=894"}],"curies":[{"name":"wp","href":"https:\/\/api.w.org\/{rel}","templated":true}]}}